{"id":67834,"date":"2026-03-13T14:38:38","date_gmt":"2026-03-13T14:38:38","guid":{"rendered":"https:\/\/ilmoliulampar.is\/?post_type=product&#038;p=67834"},"modified":"2026-03-31T09:57:35","modified_gmt":"2026-03-31T09:57:35","slug":"handgerd-islensk-paskaegg","status":"publish","type":"product","link":"https:\/\/ilmoliulampar.is\/en_gb\/product\/handgerd-islensk-paskaegg\/","title":{"rendered":"Handger\u00f0 \u00cdslensk P\u00e1skaegg"},"content":{"rendered":"","protected":false},"excerpt":{"rendered":"<p>H\u00e1g\u00e6\u00f0a handger\u00f0 egg framleidd af hj\u00f3num \u00ed Grindav\u00edk &lt;3<br \/>\nEggin framlei\u00f0a \u00feau \u00far h\u00e1g\u00e6\u00f0a fr\u00f6nsku s\u00fakkula\u00f0i. \u00deau f\u00e1st b\u00e6\u00f0i d\u00f6kk &amp; lj\u00f3s.<br \/>\nEggin eru 100 gr og eru fyllt me\u00f0 handger\u00f0a konfektinu hj\u00e1 \u00feeim.<\/p>\n<h5>ATH: Vi\u00f0 berum EKKI \u00e1byrg\u00f0 \u00e1 \u00fev\u00ed a\u00f0 eggin brotni \u00ed sendingu &#8211; vi\u00f0 p\u00f6kkum \u00feeim eins vel og vi\u00f0 getum.<\/h5>","protected":false},"featured_media":67838,"comment_status":"closed","ping_status":"closed","template":"","meta":[],"product_brand":[],"product_cat":[299],"product_tag":[],"class_list":{"0":"post-67834","1":"product","2":"type-product","3":"status-publish","4":"has-post-thumbnail","6":"product_cat-konfekt","8":"first","9":"instock","10":"shipping-taxable","11":"purchasable","12":"product-type-variable"},"_links":{"self":[{"href":"https:\/\/ilmoliulampar.is\/en_gb\/wp-json\/wp\/v2\/product\/67834","targetHints":{"allow":["GET"]}}],"collection":[{"href":"https:\/\/ilmoliulampar.is\/en_gb\/wp-json\/wp\/v2\/product"}],"about":[{"href":"https:\/\/ilmoliulampar.is\/en_gb\/wp-json\/wp\/v2\/types\/product"}],"replies":[{"embeddable":true,"href":"https:\/\/ilmoliulampar.is\/en_gb\/wp-json\/wp\/v2\/comments?post=67834"}],"wp:featuredmedia":[{"embeddable":true,"href":"https:\/\/ilmoliulampar.is\/en_gb\/wp-json\/wp\/v2\/media\/67838"}],"wp:attachment":[{"href":"https:\/\/ilmoliulampar.is\/en_gb\/wp-json\/wp\/v2\/media?parent=67834"}],"wp:term":[{"taxonomy":"product_brand","embeddable":true,"href":"https:\/\/ilmoliulampar.is\/en_gb\/wp-json\/wp\/v2\/product_brand?post=67834"},{"taxonomy":"product_cat","embeddable":true,"href":"https:\/\/ilmoliulampar.is\/en_gb\/wp-json\/wp\/v2\/product_cat?post=67834"},{"taxonomy":"product_tag","embeddable":true,"href":"https:\/\/ilmoliulampar.is\/en_gb\/wp-json\/wp\/v2\/product_tag?post=67834"}],"curies":[{"name":"wp","href":"https:\/\/api.w.org\/{rel}","templated":true}]}}