{"id":67889,"date":"2026-03-24T18:09:06","date_gmt":"2026-03-24T18:09:06","guid":{"rendered":"https:\/\/ilmoliulampar.is\/?post_type=product&#038;p=67889"},"modified":"2026-03-24T18:09:56","modified_gmt":"2026-03-24T18:09:56","slug":"aurora-galaxy-lampi-skapadu-tofrandi-stjornuhiminn-heima","status":"publish","type":"product","link":"https:\/\/ilmoliulampar.is\/en_gb\/product\/aurora-galaxy-lampi-skapadu-tofrandi-stjornuhiminn-heima\/","title":{"rendered":"Aurora Galaxy Lampi \u2013 Skapa\u00f0u t\u00f6frandi stj\u00f6rnuhiminn heima &#8230;.."},"content":{"rendered":"","protected":false},"excerpt":{"rendered":"<p data-start=\"320\" data-end=\"408\">Breyttu hva\u00f0a herbergi sem er \u00ed r\u00f3andi og t\u00f6frandi stemningu me\u00f0 Aurora Galaxy lampanum.<\/p>\n<p data-start=\"410\" data-end=\"565\">Horf\u00f0u \u00e1 lofti\u00f0 fyllast af hreyfanlegum stj\u00f6rnum, mj\u00fakum nor\u00f0urlj\u00f3sum og fallegu tungli &#8211; fullkomi\u00f0 til a\u00f0 slaka \u00e1, skapa k\u00f3s\u00fd stemningu e\u00f0a bara nj\u00f3ta.<\/p>\n<p data-start=\"567\" data-end=\"695\">Hvort sem \u00fe\u00fa vilt slaka \u00e1 eftir langan dag, b\u00e6ta stemningu e\u00f0a gera herbergi\u00f0 \u00feitt meira \u201caesthetic\u201d\u2026 \u00fe\u00e1 gerir \u00feessi lampi all<\/p>\n<h5 data-section-id=\"xocbkw\" data-start=\"702\" data-end=\"737\">\ud83d\udd25 Af hverju \u00fe\u00fa munt elska \u00feetta:<\/h5>\n<ul data-start=\"738\" data-end=\"925\">\n<li data-section-id=\"lyweme\" data-start=\"738\" data-end=\"783\">\ud83c\udf0c Raunveruleg nor\u00f0urlj\u00f3s og stj\u00f6rnu\u00e1hrif<\/li>\n<li data-section-id=\"t3gx3z\" data-start=\"784\" data-end=\"807\">\ud83c\udf19 R\u00f3andi tunglvarp<\/li>\n<li data-section-id=\"uu95vb\" data-start=\"808\" data-end=\"832\">\ud83c\udfb5 T\u00f3nlistarstilling<\/li>\n<li data-section-id=\"ajwyoy\" data-start=\"833\" data-end=\"858\">\ud83c\udfae Fjarst\u00fdring fylgir<\/li>\n<li data-section-id=\"16f25ik\" data-start=\"859\" data-end=\"896\">\ud83d\udecf\ufe0f Fullkomi\u00f0 fyrir svefnherbergi<\/li>\n<li data-section-id=\"tka9ej\" data-start=\"897\" data-end=\"925\">\ud83c\udf08 Margar litastillingar<br \/>\n<h5 data-section-id=\"1jd140f\" data-start=\"1068\" data-end=\"1086\">\u26a1 Helstu kostir:<\/h5>\n<ul data-start=\"1087\" data-end=\"1211\">\n<li data-section-id=\"1tsx2vh\" data-start=\"1087\" data-end=\"1128\">Gerir herbergi\u00f0 strax meira spennandi<\/li>\n<li data-section-id=\"16gfpwl\" data-start=\"1129\" data-end=\"1155\">Hj\u00e1lpar \u00fe\u00e9r a\u00f0 slaka \u00e1<\/li>\n<li data-section-id=\"fljew\" data-start=\"1156\" data-end=\"1178\">Skapar \u201cwow\u201d \u00e1hrif<\/li>\n<li data-section-id=\"qbf0ow\" data-start=\"1179\" data-end=\"1211\">Einfalt \u00ed notkun (USB tenging)<\/li>\n<\/ul>\n<\/li>\n<\/ul>\n<p data-start=\"567\" data-end=\"695\">","protected":false},"featured_media":67890,"comment_status":"closed","ping_status":"closed","template":"","meta":[],"product_brand":[],"product_cat":[132],"product_tag":[],"class_list":{"0":"post-67889","1":"product","2":"type-product","3":"status-publish","4":"has-post-thumbnail","6":"product_cat-heimilid-2","8":"first","9":"instock","10":"shipping-taxable","11":"purchasable","12":"product-type-simple"},"_links":{"self":[{"href":"https:\/\/ilmoliulampar.is\/en_gb\/wp-json\/wp\/v2\/product\/67889","targetHints":{"allow":["GET"]}}],"collection":[{"href":"https:\/\/ilmoliulampar.is\/en_gb\/wp-json\/wp\/v2\/product"}],"about":[{"href":"https:\/\/ilmoliulampar.is\/en_gb\/wp-json\/wp\/v2\/types\/product"}],"replies":[{"embeddable":true,"href":"https:\/\/ilmoliulampar.is\/en_gb\/wp-json\/wp\/v2\/comments?post=67889"}],"wp:featuredmedia":[{"embeddable":true,"href":"https:\/\/ilmoliulampar.is\/en_gb\/wp-json\/wp\/v2\/media\/67890"}],"wp:attachment":[{"href":"https:\/\/ilmoliulampar.is\/en_gb\/wp-json\/wp\/v2\/media?parent=67889"}],"wp:term":[{"taxonomy":"product_brand","embeddable":true,"href":"https:\/\/ilmoliulampar.is\/en_gb\/wp-json\/wp\/v2\/product_brand?post=67889"},{"taxonomy":"product_cat","embeddable":true,"href":"https:\/\/ilmoliulampar.is\/en_gb\/wp-json\/wp\/v2\/product_cat?post=67889"},{"taxonomy":"product_tag","embeddable":true,"href":"https:\/\/ilmoliulampar.is\/en_gb\/wp-json\/wp\/v2\/product_tag?post=67889"}],"curies":[{"name":"wp","href":"https:\/\/api.w.org\/{rel}","templated":true}]}}