{"id":68011,"date":"2026-04-16T14:48:12","date_gmt":"2026-04-16T14:48:12","guid":{"rendered":"https:\/\/ilmoliulampar.is\/?post_type=product&#038;p=68011"},"modified":"2026-04-16T14:48:13","modified_gmt":"2026-04-16T14:48:13","slug":"blomapottar-2-staedir","status":"publish","type":"product","link":"https:\/\/ilmoliulampar.is\/en_gb\/product\/blomapottar-2-staedir\/","title":{"rendered":"Bl\u00f3mapottar &#8211; 2 st\u00e6\u00f0ir"},"content":{"rendered":"","protected":false},"excerpt":{"rendered":"<p>\u00d3tr\u00falega flottir og vanda\u00f0ir bl\u00f3mapottar<br \/>\nSt\u00f3r \u00a089 cm \u00e1 h\u00e6\u00f0 &amp; 33 cm \u00e1 breidd<br \/>\nL\u00edtill 78 cm \u00e1 h\u00e6\u00f0 &amp; 33 cm \u00e1 breidd<\/p>","protected":false},"featured_media":68014,"comment_status":"closed","ping_status":"closed","template":"","meta":[],"product_brand":[],"product_cat":[250],"product_tag":[],"class_list":{"0":"post-68011","1":"product","2":"type-product","3":"status-publish","4":"has-post-thumbnail","6":"product_cat-blomapottarvasar","8":"first","9":"instock","10":"shipping-taxable","11":"purchasable","12":"product-type-variable"},"_links":{"self":[{"href":"https:\/\/ilmoliulampar.is\/en_gb\/wp-json\/wp\/v2\/product\/68011","targetHints":{"allow":["GET"]}}],"collection":[{"href":"https:\/\/ilmoliulampar.is\/en_gb\/wp-json\/wp\/v2\/product"}],"about":[{"href":"https:\/\/ilmoliulampar.is\/en_gb\/wp-json\/wp\/v2\/types\/product"}],"replies":[{"embeddable":true,"href":"https:\/\/ilmoliulampar.is\/en_gb\/wp-json\/wp\/v2\/comments?post=68011"}],"wp:featuredmedia":[{"embeddable":true,"href":"https:\/\/ilmoliulampar.is\/en_gb\/wp-json\/wp\/v2\/media\/68014"}],"wp:attachment":[{"href":"https:\/\/ilmoliulampar.is\/en_gb\/wp-json\/wp\/v2\/media?parent=68011"}],"wp:term":[{"taxonomy":"product_brand","embeddable":true,"href":"https:\/\/ilmoliulampar.is\/en_gb\/wp-json\/wp\/v2\/product_brand?post=68011"},{"taxonomy":"product_cat","embeddable":true,"href":"https:\/\/ilmoliulampar.is\/en_gb\/wp-json\/wp\/v2\/product_cat?post=68011"},{"taxonomy":"product_tag","embeddable":true,"href":"https:\/\/ilmoliulampar.is\/en_gb\/wp-json\/wp\/v2\/product_tag?post=68011"}],"curies":[{"name":"wp","href":"https:\/\/api.w.org\/{rel}","templated":true}]}}